{"id":551,"date":"2026-04-15T09:30:32","date_gmt":"2026-04-15T07:30:32","guid":{"rendered":"https:\/\/www.gentlesouls.ch\/?page_id=551"},"modified":"2026-04-15T09:37:50","modified_gmt":"2026-04-15T07:37:50","slug":"mentions-legales","status":"publish","type":"page","link":"https:\/\/www.gentlesouls.ch\/en\/mentions-legales\/","title":{"rendered":"Legal Notice"},"content":{"rendered":"\n[et_pb_section fb_built=\u00a0\u00bb1&Prime; next_background_color=\u00a0\u00bb#ffffff\u00a0\u00bb admin_label=\u00a0\u00bbHeader\u00a0\u00bb _builder_version=\u00a0\u00bb4.27.6&Prime; background_color=\u00a0\u00bbgcid-primary-color\u00a0\u00bb background_enable_image=\u00a0\u00bboff\u00a0\u00bb custom_margin=\u00a0\u00bb||||false\u00a0\u00bb custom_padding=\u00a0\u00bb12vw||12vw||true|false\u00a0\u00bb bottom_divider_style=\u00a0\u00bbcurve\u00a0\u00bb bottom_divider_height=\u00a0\u00bb6vw\u00a0\u00bb hover_enabled=\u00a0\u00bb0&Prime; global_colors_info=\u00a0\u00bb{%22gcid-primary-color%22:%91%22background_color%22%93}\u00a0\u00bb sticky_enabled=\u00a0\u00bb0&Prime;][et_pb_row _builder_version=\u00a0\u00bb4.27.6&Prime; background_enable_image=\u00a0\u00bboff\u00a0\u00bb background_size=\u00a0\u00bbcontain\u00a0\u00bb animation_style=\u00a0\u00bbzoom\u00a0\u00bb animation_intensity_zoom=\u00a0\u00bb10%\u00a0\u00bb global_colors_info=\u00a0\u00bb{}\u00a0\u00bb][et_pb_column type=\u00a0\u00bb4_4&Prime; _builder_version=\u00a0\u00bb4.16&Prime; custom_padding=\u00a0\u00bb|||\u00a0\u00bb global_colors_info=\u00a0\u00bb{}\u00a0\u00bb custom_padding__hover=\u00a0\u00bb|||\u00a0\u00bb][et_pb_text _builder_version=\u00a0\u00bb4.16&Prime; text_font=\u00a0\u00bb||||||||\u00a0\u00bb header_font=\u00a0\u00bbMontserrat|500||on|||||\u00a0\u00bb header_font_size=\u00a0\u00bb18px\u00a0\u00bb header_letter_spacing=\u00a0\u00bb5px\u00a0\u00bb header_line_height=\u00a0\u00bb1.5em\u00a0\u00bb header_2_font=\u00a0\u00bbMerriweather|||on|||||\u00a0\u00bb header_2_font_size=\u00a0\u00bb70px\u00a0\u00bb header_2_letter_spacing=\u00a0\u00bb5px\u00a0\u00bb header_2_line_height=\u00a0\u00bb1.4em\u00a0\u00bb text_orientation=\u00a0\u00bbcenter\u00a0\u00bb background_layout=\u00a0\u00bbdark\u00a0\u00bb header_font_size_tablet=\u00a0\u00bb\u00a0\u00bb header_font_size_phone=\u00a0\u00bb12px\u00a0\u00bb header_font_size_last_edited=\u00a0\u00bbon|desktop\u00a0\u00bb header_2_font_size_tablet=\u00a0\u00bb50px\u00a0\u00bb header_2_font_size_phone=\u00a0\u00bb30px\u00a0\u00bb header_2_font_size_last_edited=\u00a0\u00bbon|desktop\u00a0\u00bb global_colors_info=\u00a0\u00bb{}\u00a0\u00bb]<h2>mentions legales<\/h2>\n<h1><\/h1>[\/et_pb_text][\/et_pb_column][\/et_pb_row][\/et_pb_section][et_pb_section fb_built=\u00a0\u00bb1&Prime; _builder_version=\u00a0\u00bb4.27.6&Prime; _module_preset=\u00a0\u00bbdefault\u00a0\u00bb global_colors_info=\u00a0\u00bb{}\u00a0\u00bb][et_pb_row _builder_version=\u00a0\u00bb4.27.6&Prime; _module_preset=\u00a0\u00bbdefault\u00a0\u00bb global_colors_info=\u00a0\u00bb{}\u00a0\u00bb][et_pb_column type=\u00a0\u00bb4_4&Prime; _builder_version=\u00a0\u00bb4.27.6&Prime; _module_preset=\u00a0\u00bbdefault\u00a0\u00bb global_colors_info=\u00a0\u00bb{}\u00a0\u00bb][et_pb_text _builder_version=\u00a0\u00bb4.27.6&Prime; _module_preset=\u00a0\u00bbdefault\u00a0\u00bb global_colors_info=\u00a0\u00bb{}\u00a0\u00bb]<p style=\"text-align: center;\"><strong>MENTIONS LEGALES GENTLES SOULS<\/strong><\/p>\n<p>Sur le site gentlesoules.ch, le propri\u00e9taire et responsable du site partage des informations utiles aux utilisateurs dans le but de promouvoir les initiatives citoyennes pour lutter contre l\u2019isolement et social, l\u2019organisation d\u2019activit\u00e9s sociales et culturelles ainsi que de communiquer sur les \u00e9v\u00e9nements cr\u00e9\u00e9s.<\/p>\n<p><u>Information sur le propri\u00e9taire et responsable du site\u00a0: <\/u><\/p>\n<p>Le site est d\u00e9tenu par l\u2019entreprise individuelle\/l\u2019association Gentle Souls Sirvan Karna<\/p>\n<p>Avenue du Petit-Lancy 31b, 1213 Petit-Lancy<\/p>\n<p>Suisse<\/p>\n<p>Adresse e-mail\u00a0: sirvan@ik.me<\/p>\n<p>+41 77 290 65 28<\/p>\n<p>Responsable du site\u00a0: Sirvan Karna<\/p>\n<p>&nbsp;<\/p>\n<p>Num\u00e9ro d\u2019identification d\u2019entreprise (\u00e0 compl\u00e9ter une fois re\u00e7u)<\/p>\n<p>&nbsp;<\/p>\n<p><u>Informations sur l\u2019h\u00e9bergeur du site\u00a0: <\/u><\/p>\n<p>Le site web est h\u00e9berg\u00e9 par WordPress.com<\/p>\n<p>L\u2019adresse de l\u2019h\u00e9bergeur est situ\u00e9e \u00e0\u00a0:<\/p>\n<p>Automattic Inc.<br \/>60 29th Street\u00a0#343<br \/>San Francisco, CA 94110<br \/>United States of America<\/p>\n<p>T\u00e9l\u00e9phone : 1-877-273-3049<br \/>Adresse e-mail: help@wordpress.com<\/p>\n<p>Etats-unis<\/p>\n<p><a href=\"https:\/\/wordpress.com\/fr\/\">Site web de l\u2019h\u00e9bergeur<\/a><\/p>\n<p>&nbsp;<\/p>\n<p><u>Informations sur la propri\u00e9t\u00e9 intellectuelle\u00a0: <\/u><\/p>\n<p>L\u2019int\u00e9gralit\u00e9 du contenu pr\u00e9sent sur ce site (textes, articles, graphismes, logos, images, vid\u00e9os, ic\u00f4nes, etc.) rel\u00e8ve de la l\u00e9gislation suisse et internationale sur le droit d\u2019auteur et la propri\u00e9t\u00e9 intellectuelle.<\/p>\n<ol>\n<li><strong> Textes<\/strong><\/li>\n<\/ol>\n<p>Les textes publi\u00e9s sur ce site ont \u00e9t\u00e9 int\u00e9gralement r\u00e9dig\u00e9s par le responsable du site et lui appartiennent.<br \/>Toute repr\u00e9sentation, reproduction, modification, publication, transmission ou adaptation, partielle ou totale, de ces contenus, par quelque proc\u00e9d\u00e9 que ce soit, sans l\u2019autorisation \u00e9crite pr\u00e9alable du responsable du site est strictement interdite et constitue une violation des droits d\u2019auteur en vertu de la Loi f\u00e9d\u00e9rale sur le droit d\u2019auteur (LDA).<\/p>\n<ol start=\"2\">\n<li><strong> Images<\/strong><\/li>\n<\/ol>\n<p>Les images utilis\u00e9es sur ce site proviennent de la plateforme Pixabay (<a href=\"https:\/\/pixabay.com\">https:\/\/pixabay.com<\/a>), o\u00f9 elles sont mises \u00e0 disposition sous la licence Pixabay.<br \/>Conform\u00e9ment aux conditions de cette licence :<\/p>\n<ul>\n<li>Les images peuvent \u00eatre utilis\u00e9es gratuitement, y compris \u00e0 des fins commerciales.<\/li>\n<li>Aucune attribution n\u2019est requise mais reste appr\u00e9ci\u00e9e.<\/li>\n<li>Aucune repr\u00e9sentation de personnes identifiables ne doit porter atteinte \u00e0 leur droit \u00e0 l\u2019image ou \u00e0 leur dignit\u00e9.<\/li>\n<\/ul>\n<p>Toute r\u00e9utilisation des images issues de Pixabay hors du cadre de la licence Pixabay demeure soumise aux conditions de cette derni\u00e8re et aux dispositions l\u00e9gales suisses applicables.<\/p>\n<ol start=\"3\">\n<li><strong> Marques<\/strong><\/li>\n<\/ol>\n<p>Les noms, logos, marques et signes distinctifs pr\u00e9sents sur ce site sont la propri\u00e9t\u00e9 de leurs d\u00e9tenteurs respectifs. Leur reproduction, m\u00eame partielle, est strictement interdite sans autorisation pr\u00e9alable.<\/p>\n<ol start=\"4\">\n<li><strong> Usage du contenu<\/strong><\/li>\n<\/ol>\n<p>L\u2019utilisation des contenus du site est autoris\u00e9e uniquement \u00e0 des fins personnelles et non commerciales, sauf accord \u00e9crit pr\u00e9alable du responsable du site.<br \/>Toute autre utilisation (reproduction, adaptation, diffusion, commercialisation) est soumise \u00e0 autorisation pr\u00e9alable.<\/p>\n<p>&nbsp;<\/p>[\/et_pb_text][\/et_pb_column][\/et_pb_row][\/et_pb_section]\n","protected":false},"excerpt":{"rendered":"<p>mentions legales MENTIONS LEGALES GENTLES SOULS Sur le site gentlesoules.ch, le propri\u00e9taire et responsable du site partage des informations utiles aux utilisateurs dans le but de promouvoir les initiatives citoyennes [&hellip;]<\/p>\n","protected":false},"author":1,"featured_media":0,"parent":0,"menu_order":0,"comment_status":"closed","ping_status":"closed","template":"","meta":{"_et_pb_use_builder":"on","_et_pb_old_content":"","_et_gb_content_width":"","_EventAllDay":false,"_EventTimezone":"","_EventStartDate":"","_EventEndDate":"","_EventStartDateUTC":"","_EventEndDateUTC":"","_EventShowMap":false,"_EventShowMapLink":false,"_EventURL":"","_EventCost":"","_EventCostDescription":"","_EventCurrencySymbol":"","_EventCurrencyCode":"","_EventCurrencyPosition":"","_EventDateTimeSeparator":"","_EventTimeRangeSeparator":"","_EventOrganizerID":[],"_EventVenueID":[],"_OrganizerEmail":"","_OrganizerPhone":"","_OrganizerWebsite":"","_VenueAddress":"","_VenueCity":"","_VenueCountry":"","_VenueProvince":"","_VenueState":"","_VenueZip":"","_VenuePhone":"","_VenueURL":"","_VenueStateProvince":"","_VenueLat":"","_VenueLng":"","_VenueShowMap":false,"_VenueShowMapLink":false,"footnotes":""},"class_list":["post-551","page","type-page","status-publish","hentry"],"yoast_head":"<!-- This site is optimized with the Yoast SEO plugin v27.4 - https:\/\/yoast.com\/product\/yoast-seo-wordpress\/ -->\n<title>Mentions Legales - Gentle Souls Gen\u00e8ve Switzerland<\/title>\n<meta name=\"robots\" content=\"index, follow, max-snippet:-1, max-image-preview:large, max-video-preview:-1\" \/>\n<link rel=\"canonical\" href=\"https:\/\/www.gentlesouls.ch\/en\/mentions-legales\/\" \/>\n<meta property=\"og:locale\" content=\"en_GB\" \/>\n<meta property=\"og:type\" content=\"article\" \/>\n<meta property=\"og:title\" content=\"Mentions Legales - Gentle Souls Gen\u00e8ve Switzerland\" \/>\n<meta property=\"og:description\" content=\"mentions legales MENTIONS LEGALES GENTLES SOULS Sur le site gentlesoules.ch, le propri\u00e9taire et responsable du site partage des informations utiles aux utilisateurs dans le but de promouvoir les initiatives citoyennes [&hellip;]\" \/>\n<meta property=\"og:url\" content=\"https:\/\/www.gentlesouls.ch\/en\/mentions-legales\/\" \/>\n<meta property=\"og:site_name\" content=\"Gentle Souls Gen\u00e8ve Switzerland\" \/>\n<meta property=\"article:modified_time\" content=\"2026-04-15T07:37:50+00:00\" \/>\n<meta property=\"og:image\" content=\"https:\/\/www.gentlesouls.ch\/wp-content\/uploads\/2026\/04\/Logo-elegant-sur-fond-vert-fonce.png\" \/>\n\t<meta property=\"og:image:width\" content=\"1536\" \/>\n\t<meta property=\"og:image:height\" content=\"1024\" \/>\n\t<meta property=\"og:image:type\" content=\"image\/png\" \/>\n<meta name=\"twitter:card\" content=\"summary_large_image\" \/>\n<meta name=\"twitter:label1\" content=\"Estimated reading time\" \/>\n\t<meta name=\"twitter:data1\" content=\"3 minutes\" \/>\n<script type=\"application\/ld+json\" class=\"yoast-schema-graph\">{\"@context\":\"https:\\\/\\\/schema.org\",\"@graph\":[{\"@type\":\"WebPage\",\"@id\":\"https:\\\/\\\/www.gentlesouls.ch\\\/mentions-legales\\\/\",\"url\":\"https:\\\/\\\/www.gentlesouls.ch\\\/mentions-legales\\\/\",\"name\":\"Mentions Legales - Gentle Souls Gen\u00e8ve Switzerland\",\"isPartOf\":{\"@id\":\"https:\\\/\\\/www.gentlesouls.ch\\\/#website\"},\"datePublished\":\"2026-04-15T07:30:32+00:00\",\"dateModified\":\"2026-04-15T07:37:50+00:00\",\"breadcrumb\":{\"@id\":\"https:\\\/\\\/www.gentlesouls.ch\\\/mentions-legales\\\/#breadcrumb\"},\"inLanguage\":\"en-GB\",\"potentialAction\":[{\"@type\":\"ReadAction\",\"target\":[\"https:\\\/\\\/www.gentlesouls.ch\\\/mentions-legales\\\/\"]}]},{\"@type\":\"BreadcrumbList\",\"@id\":\"https:\\\/\\\/www.gentlesouls.ch\\\/mentions-legales\\\/#breadcrumb\",\"itemListElement\":[{\"@type\":\"ListItem\",\"position\":1,\"name\":\"Accueil\",\"item\":\"https:\\\/\\\/www.gentlesouls.ch\\\/\"},{\"@type\":\"ListItem\",\"position\":2,\"name\":\"Mentions Legales\"}]},{\"@type\":\"WebSite\",\"@id\":\"https:\\\/\\\/www.gentlesouls.ch\\\/#website\",\"url\":\"https:\\\/\\\/www.gentlesouls.ch\\\/\",\"name\":\"Gentle Souls Gen\u00e8ve Switzerland\",\"description\":\"La communaut\u00e9 bienveillante Gen\u00e8ve\",\"publisher\":{\"@id\":\"https:\\\/\\\/www.gentlesouls.ch\\\/#organization\"},\"alternateName\":\"La communaut\u00e9 bienveillante Gen\u00e8ve\",\"potentialAction\":[{\"@type\":\"SearchAction\",\"target\":{\"@type\":\"EntryPoint\",\"urlTemplate\":\"https:\\\/\\\/www.gentlesouls.ch\\\/?s={search_term_string}\"},\"query-input\":{\"@type\":\"PropertyValueSpecification\",\"valueRequired\":true,\"valueName\":\"search_term_string\"}}],\"inLanguage\":\"en-GB\"},{\"@type\":\"Organization\",\"@id\":\"https:\\\/\\\/www.gentlesouls.ch\\\/#organization\",\"name\":\"Gentle Souls\",\"alternateName\":\"communaut\u00e9 bienveillante Gen\u00e8ve\",\"url\":\"https:\\\/\\\/www.gentlesouls.ch\\\/\",\"logo\":{\"@type\":\"ImageObject\",\"inLanguage\":\"en-GB\",\"@id\":\"https:\\\/\\\/www.gentlesouls.ch\\\/#\\\/schema\\\/logo\\\/image\\\/\",\"url\":\"https:\\\/\\\/www.gentlesouls.ch\\\/wp-content\\\/uploads\\\/2026\\\/04\\\/Logo-de-Gentle-Souls.png\",\"contentUrl\":\"https:\\\/\\\/www.gentlesouls.ch\\\/wp-content\\\/uploads\\\/2026\\\/04\\\/Logo-de-Gentle-Souls.png\",\"width\":1024,\"height\":1024,\"caption\":\"Gentle Souls\"},\"image\":{\"@id\":\"https:\\\/\\\/www.gentlesouls.ch\\\/#\\\/schema\\\/logo\\\/image\\\/\"}}]}<\/script>\n<!-- \/ Yoast SEO plugin. -->","yoast_head_json":{"title":"Mentions Legales - Gentle Souls Gen\u00e8ve Switzerland","robots":{"index":"index","follow":"follow","max-snippet":"max-snippet:-1","max-image-preview":"max-image-preview:large","max-video-preview":"max-video-preview:-1"},"canonical":"https:\/\/www.gentlesouls.ch\/en\/mentions-legales\/","og_locale":"en_GB","og_type":"article","og_title":"Mentions Legales - Gentle Souls Gen\u00e8ve Switzerland","og_description":"mentions legales MENTIONS LEGALES GENTLES SOULS Sur le site gentlesoules.ch, le propri\u00e9taire et responsable du site partage des informations utiles aux utilisateurs dans le but de promouvoir les initiatives citoyennes [&hellip;]","og_url":"https:\/\/www.gentlesouls.ch\/en\/mentions-legales\/","og_site_name":"Gentle Souls Gen\u00e8ve Switzerland","article_modified_time":"2026-04-15T07:37:50+00:00","og_image":[{"width":1536,"height":1024,"url":"https:\/\/www.gentlesouls.ch\/wp-content\/uploads\/2026\/04\/Logo-elegant-sur-fond-vert-fonce.png","type":"image\/png"}],"twitter_card":"summary_large_image","twitter_misc":{"Estimated reading time":"3 minutes"},"schema":{"@context":"https:\/\/schema.org","@graph":[{"@type":"WebPage","@id":"https:\/\/www.gentlesouls.ch\/mentions-legales\/","url":"https:\/\/www.gentlesouls.ch\/mentions-legales\/","name":"Mentions Legales - Gentle Souls Gen\u00e8ve Switzerland","isPartOf":{"@id":"https:\/\/www.gentlesouls.ch\/#website"},"datePublished":"2026-04-15T07:30:32+00:00","dateModified":"2026-04-15T07:37:50+00:00","breadcrumb":{"@id":"https:\/\/www.gentlesouls.ch\/mentions-legales\/#breadcrumb"},"inLanguage":"en-GB","potentialAction":[{"@type":"ReadAction","target":["https:\/\/www.gentlesouls.ch\/mentions-legales\/"]}]},{"@type":"BreadcrumbList","@id":"https:\/\/www.gentlesouls.ch\/mentions-legales\/#breadcrumb","itemListElement":[{"@type":"ListItem","position":1,"name":"Accueil","item":"https:\/\/www.gentlesouls.ch\/"},{"@type":"ListItem","position":2,"name":"Mentions Legales"}]},{"@type":"WebSite","@id":"https:\/\/www.gentlesouls.ch\/#website","url":"https:\/\/www.gentlesouls.ch\/","name":"Gentle Souls Gen\u00e8ve Switzerland","description":"La communaut\u00e9 bienveillante Gen\u00e8ve","publisher":{"@id":"https:\/\/www.gentlesouls.ch\/#organization"},"alternateName":"La communaut\u00e9 bienveillante Gen\u00e8ve","potentialAction":[{"@type":"SearchAction","target":{"@type":"EntryPoint","urlTemplate":"https:\/\/www.gentlesouls.ch\/?s={search_term_string}"},"query-input":{"@type":"PropertyValueSpecification","valueRequired":true,"valueName":"search_term_string"}}],"inLanguage":"en-GB"},{"@type":"Organization","@id":"https:\/\/www.gentlesouls.ch\/#organization","name":"Gentle Souls","alternateName":"communaut\u00e9 bienveillante Gen\u00e8ve","url":"https:\/\/www.gentlesouls.ch\/","logo":{"@type":"ImageObject","inLanguage":"en-GB","@id":"https:\/\/www.gentlesouls.ch\/#\/schema\/logo\/image\/","url":"https:\/\/www.gentlesouls.ch\/wp-content\/uploads\/2026\/04\/Logo-de-Gentle-Souls.png","contentUrl":"https:\/\/www.gentlesouls.ch\/wp-content\/uploads\/2026\/04\/Logo-de-Gentle-Souls.png","width":1024,"height":1024,"caption":"Gentle Souls"},"image":{"@id":"https:\/\/www.gentlesouls.ch\/#\/schema\/logo\/image\/"}}]}},"_links":{"self":[{"href":"https:\/\/www.gentlesouls.ch\/en\/wp-json\/wp\/v2\/pages\/551","targetHints":{"allow":["GET"]}}],"collection":[{"href":"https:\/\/www.gentlesouls.ch\/en\/wp-json\/wp\/v2\/pages"}],"about":[{"href":"https:\/\/www.gentlesouls.ch\/en\/wp-json\/wp\/v2\/types\/page"}],"author":[{"embeddable":true,"href":"https:\/\/www.gentlesouls.ch\/en\/wp-json\/wp\/v2\/users\/1"}],"replies":[{"embeddable":true,"href":"https:\/\/www.gentlesouls.ch\/en\/wp-json\/wp\/v2\/comments?post=551"}],"version-history":[{"count":4,"href":"https:\/\/www.gentlesouls.ch\/en\/wp-json\/wp\/v2\/pages\/551\/revisions"}],"predecessor-version":[{"id":557,"href":"https:\/\/www.gentlesouls.ch\/en\/wp-json\/wp\/v2\/pages\/551\/revisions\/557"}],"wp:attachment":[{"href":"https:\/\/www.gentlesouls.ch\/en\/wp-json\/wp\/v2\/media?parent=551"}],"curies":[{"name":"wp","href":"https:\/\/api.w.org\/{rel}","templated":true}]}}